{"id":7545,"date":"2015-06-10T15:14:49","date_gmt":"2015-06-10T18:14:49","guid":{"rendered":"http:\/\/s11396.p20.sites.pressdns.com\/?page_id=6624"},"modified":"2015-06-10T15:14:49","modified_gmt":"2015-06-10T18:14:49","slug":"como-chegar-v2","status":"publish","type":"page","link":"https:\/\/ceafcampinas.animaker.com.br\/?page_id=7545","title":{"rendered":"Como Chegar"},"content":{"rendered":"\n<div class=\"container section-title-container\" ><h3 class=\"section-title section-title-normal\"><b aria-hidden=\"true\"><\/b><span class=\"section-title-main\" >Como Chegar<\/span><b aria-hidden=\"true\"><\/b><\/h3><\/div>\n\n<div class=\"row\"  id=\"row-809211715\">\n\n\n\t<div id=\"col-854179487\" class=\"col small-12 large-12\"  >\n\t\t\t\t<div class=\"col-inner\"  >\n\t\t\t\n\t\t\t\n\n\n\t\t<div class=\"icon-box featured-box icon-box-left text-left\"  >\n\t\t\t\t\t<div class=\"icon-box-img\" style=\"width: 30px\">\n\t\t\t\t<div class=\"icon\">\n\t\t\t\t\t<div class=\"icon-inner\" style=\"color:rgb(221, 132, 74);\">\n\t\t\t\t\t\t\t\t\t\t\t<\/div>\n\t\t\t\t<\/div>\n\t\t\t<\/div>\n\t\t\t\t<div class=\"icon-box-text last-reset\">\n\t\t\t<h5 class=\"uppercase\">COMO CHEGAR FARM\u00c1CIA DE CAMPINAS<\/h5>\t\t\t\t\t\t\n\n<p style=\"text-align: justify\"><strong>Unidade de Farm\u00e1cia de CAMPINAS:<\/strong><\/p>\n<p style=\"text-align: justify\">Endere\u00e7o: Rua General Setembrino de Carvalho, n\u00b0 123, Bairro Ponte Preta, CEP: 13041-480 \u2013 Campinas \u2013 S\u00e3o Paulo.<\/p>\n<p style=\"text-align: justify\">Telefone: (19) 3233-6972.<\/p>\n<p style=\"text-align: justify\">Hor\u00e1rios de Funcionamento:<\/p>\n<p style=\"text-align: justify\">De segundas \u00e0s sextas-feiras: das 07 \u00e0s 19 horas, com emiss\u00e3o de senhas de atendimento at\u00e9 \u00e0s 17 horas.<\/p>\n<p style=\"text-align: justify\">Acesso:<\/p>\n<p style=\"text-align: justify\">Partindo-se da regi\u00e3o central do Munic\u00edpio de Campinas, deve-se pegar um dos \u00f4nibus das seguintes linhas: 408-1 Rodovi\u00e1ria \u2013 Parque Jambeiro, 408-0 Rodovi\u00e1ria ou 499-0 Circular Centro, e desembarcar na Avenida Washington Luiz, n\u00b0 210, pr\u00f3ximo \u00e0 Rua Artur Ramos.<\/p>\n\n\t\t<\/div>\n\t<\/div>\n\t\n\t\n\n\t\t<\/div>\n\t\t\t\t\t<\/div>\n\n\t\n\n<\/div>\n","protected":false},"excerpt":{"rendered":"","protected":false},"author":1,"featured_media":0,"parent":0,"menu_order":0,"comment_status":"closed","ping_status":"closed","template":"","meta":{"footnotes":""},"class_list":["post-7545","page","type-page","status-publish","hentry"],"_links":{"self":[{"href":"https:\/\/ceafcampinas.animaker.com.br\/index.php?rest_route=\/wp\/v2\/pages\/7545","targetHints":{"allow":["GET"]}}],"collection":[{"href":"https:\/\/ceafcampinas.animaker.com.br\/index.php?rest_route=\/wp\/v2\/pages"}],"about":[{"href":"https:\/\/ceafcampinas.animaker.com.br\/index.php?rest_route=\/wp\/v2\/types\/page"}],"author":[{"embeddable":true,"href":"https:\/\/ceafcampinas.animaker.com.br\/index.php?rest_route=\/wp\/v2\/users\/1"}],"replies":[{"embeddable":true,"href":"https:\/\/ceafcampinas.animaker.com.br\/index.php?rest_route=%2Fwp%2Fv2%2Fcomments&post=7545"}],"version-history":[{"count":0,"href":"https:\/\/ceafcampinas.animaker.com.br\/index.php?rest_route=\/wp\/v2\/pages\/7545\/revisions"}],"wp:attachment":[{"href":"https:\/\/ceafcampinas.animaker.com.br\/index.php?rest_route=%2Fwp%2Fv2%2Fmedia&parent=7545"}],"curies":[{"name":"wp","href":"https:\/\/api.w.org\/{rel}","templated":true}]}}